

    {"id":1289,"date":"2022-04-11T12:43:41","date_gmt":"2022-04-11T10:43:41","guid":{"rendered":"http:\/\/lovesouthitaly.it\/?post_type=product&#038;p=1289"},"modified":"2022-11-09T16:16:09","modified_gmt":"2022-11-09T15:16:09","slug":"terre-di-lucania","status":"publish","type":"product","link":"https:\/\/lovesouthitaly.it\/en\/product\/terre-di-lucania\/","title":{"rendered":"Lands of Lucania"},"content":{"rendered":"<p>Terre di Lucania (Lands of Lucania) is a journey that will take us among the most evocative and still hidden places in Basilicata, to discover the hilly area of Matera furrowed by the fascinating Calanchi, geomorphological phenomena of erosion due to the action of water on the rocks, which over the millennia have profoundly characterised the territory, generating suggestive furrows on the sides of mountains and hills. We will discover <strong>Ferrandina<\/strong>with its white terraced houses; we will stop at <strong>Craco<\/strong>ghost town that still retains its ancient structure; we will then be in <strong>Pisticci<\/strong> where we will admire the most characteristic points of the historic centre; we will walk in the footsteps of Carlo Levi, in <strong>Aliano<\/strong>We will retrace the period of his stay in 'confinement' during the fascist regime, and finally reach <strong>Matera<\/strong>which will reveal itself in all its radiant splendour.<br \/>\nAmong authentic villages and towns set in lunar landscapes, often chosen as locations for famous films, including: Pier Paolo Pasolini's The Gospel According to St. Matthew, Francesco Rosi's Christ Stopped at Eboli, Rocco Papaleo's Basilicata Coast to Coast and Mel Gibson's The Passion, we will follow the traces of ancient colonising peoples and their relations with the indigenous peoples, getting to know the Lucanian lands up close, unexplored places that will offer great emotions.<\/p>","protected":false},"excerpt":{"rendered":"<p>Terre di Lucania (Lands of Lucania) is a journey to be travelled slowly and carefully, taking us to discover some of the most evocative and fascinating places in Basilicata, a region far from the most crowded tourist circuits, which still retains an authentic and pure side. The towns and villages that we will touch on our itinerary preserve a strong connection with their history and roots and present an interesting peculiarity: they are almost all immersed in the lunar and candid atmosphere of the calanchi, imposing geomorphological conformations due to the phenomenon of erosion, which create a scenario out of space and time.<\/p>","protected":false},"featured_media":1290,"template":"","meta":{"_monsterinsights_skip_tracking":false,"_monsterinsights_sitenote_active":false,"_monsterinsights_sitenote_note":"","_monsterinsights_sitenote_category":0},"product_cat":[23,20],"product_tag":[151],"class_list":["post-1289","product","type-product","status-publish","has-post-thumbnail","hentry","product_cat-basilicata","product_cat-tour-pacchetti","product_tag-arte-e-storia"],"acf":[],"yoast_head":"<!-- This site is optimized with the Yoast SEO plugin v19.11 - https:\/\/yoast.com\/wordpress\/plugins\/seo\/ -->\n<title>Terre di Lucania : Love South Italy<\/title>\n<meta name=\"description\" content=\"Terre di Lucania \u00e8 un viaggio che ci condurr\u00e0 alla scoperta dei luoghi pi\u00f9 suggestivi e ancora nascosti della Basilicata.\" \/>\n<meta name=\"robots\" content=\"index, follow, max-snippet:-1, max-image-preview:large, max-video-preview:-1\" \/>\n<link rel=\"canonical\" href=\"https:\/\/lovesouthitaly.it\/en\/product\/terre-di-lucania\/\" \/>\n<meta property=\"og:locale\" content=\"en_GB\" \/>\n<meta property=\"og:type\" content=\"article\" \/>\n<meta property=\"og:title\" content=\"Terre di Lucania : Love South Italy\" \/>\n<meta property=\"og:description\" content=\"Terre di Lucania \u00e8 un viaggio che ci condurr\u00e0 alla scoperta dei luoghi pi\u00f9 suggestivi e ancora nascosti della Basilicata.\" \/>\n<meta property=\"og:url\" content=\"https:\/\/lovesouthitaly.it\/en\/product\/terre-di-lucania\/\" \/>\n<meta property=\"og:site_name\" content=\"Love South Italy\" \/>\n<meta property=\"article:modified_time\" content=\"2022-11-09T15:16:09+00:00\" \/>\n<meta property=\"og:image\" content=\"https:\/\/lovesouthitaly.it\/wp-content\/uploads\/2022\/04\/terre-di-basilicata-copertina-e1649665896978.jpg\" \/>\n\t<meta property=\"og:image:width\" content=\"1329\" \/>\n\t<meta property=\"og:image:height\" content=\"1224\" \/>\n\t<meta property=\"og:image:type\" content=\"image\/jpeg\" \/>\n<meta name=\"twitter:card\" content=\"summary_large_image\" \/>\n<meta name=\"twitter:label1\" content=\"Estimated reading time\" \/>\n\t<meta name=\"twitter:data1\" content=\"1 minute\" \/>\n<script type=\"application\/ld+json\" class=\"yoast-schema-graph\">{\"@context\":\"https:\/\/schema.org\",\"@graph\":[{\"@type\":\"WebPage\",\"@id\":\"https:\/\/lovesouthitaly.it\/prodotto\/terre-di-lucania\/\",\"url\":\"https:\/\/lovesouthitaly.it\/prodotto\/terre-di-lucania\/\",\"name\":\"Terre di Lucania : Love South Italy\",\"isPartOf\":{\"@id\":\"https:\/\/lovesouthitaly.it\/#website\"},\"datePublished\":\"2022-04-11T10:43:41+00:00\",\"dateModified\":\"2022-11-09T15:16:09+00:00\",\"description\":\"Terre di Lucania \u00e8 un viaggio che ci condurr\u00e0 alla scoperta dei luoghi pi\u00f9 suggestivi e ancora nascosti della Basilicata.\",\"breadcrumb\":{\"@id\":\"https:\/\/lovesouthitaly.it\/prodotto\/terre-di-lucania\/#breadcrumb\"},\"inLanguage\":\"en-GB\",\"potentialAction\":[{\"@type\":\"ReadAction\",\"target\":[\"https:\/\/lovesouthitaly.it\/prodotto\/terre-di-lucania\/\"]}]},{\"@type\":\"BreadcrumbList\",\"@id\":\"https:\/\/lovesouthitaly.it\/prodotto\/terre-di-lucania\/#breadcrumb\",\"itemListElement\":[{\"@type\":\"ListItem\",\"position\":1,\"name\":\"Home\",\"item\":\"https:\/\/lovesouthitaly.it\/\"},{\"@type\":\"ListItem\",\"position\":2,\"name\":\"Tour e Esperienze\",\"item\":\"https:\/\/lovesouthitaly.it\/tour-esperienze\/\"},{\"@type\":\"ListItem\",\"position\":3,\"name\":\"Terre di Lucania\"}]},{\"@type\":\"WebSite\",\"@id\":\"https:\/\/lovesouthitaly.it\/#website\",\"url\":\"https:\/\/lovesouthitaly.it\/\",\"name\":\"Love South Italy\",\"description\":\"Viaggi, Tour e incoming nel Sud Italia\",\"potentialAction\":[{\"@type\":\"SearchAction\",\"target\":{\"@type\":\"EntryPoint\",\"urlTemplate\":\"https:\/\/lovesouthitaly.it\/?s={search_term_string}\"},\"query-input\":\"required name=search_term_string\"}],\"inLanguage\":\"en-GB\"}]}<\/script>\n<!-- \/ Yoast SEO plugin. -->","yoast_head_json":{"title":"Terre di Lucania : Love South Italy","description":"Terre di Lucania \u00e8 un viaggio che ci condurr\u00e0 alla scoperta dei luoghi pi\u00f9 suggestivi e ancora nascosti della Basilicata.","robots":{"index":"index","follow":"follow","max-snippet":"max-snippet:-1","max-image-preview":"max-image-preview:large","max-video-preview":"max-video-preview:-1"},"canonical":"https:\/\/lovesouthitaly.it\/en\/product\/terre-di-lucania\/","og_locale":"en_GB","og_type":"article","og_title":"Terre di Lucania : Love South Italy","og_description":"Terre di Lucania \u00e8 un viaggio che ci condurr\u00e0 alla scoperta dei luoghi pi\u00f9 suggestivi e ancora nascosti della Basilicata.","og_url":"https:\/\/lovesouthitaly.it\/en\/product\/terre-di-lucania\/","og_site_name":"Love South Italy","article_modified_time":"2022-11-09T15:16:09+00:00","og_image":[{"width":1329,"height":1224,"url":"https:\/\/lovesouthitaly.it\/wp-content\/uploads\/2022\/04\/terre-di-basilicata-copertina-e1649665896978.jpg","type":"image\/jpeg"}],"twitter_card":"summary_large_image","twitter_misc":{"Estimated reading time":"1 minute"},"schema":{"@context":"https:\/\/schema.org","@graph":[{"@type":"WebPage","@id":"https:\/\/lovesouthitaly.it\/prodotto\/terre-di-lucania\/","url":"https:\/\/lovesouthitaly.it\/prodotto\/terre-di-lucania\/","name":"Terre di Lucania : Love South Italy","isPartOf":{"@id":"https:\/\/lovesouthitaly.it\/#website"},"datePublished":"2022-04-11T10:43:41+00:00","dateModified":"2022-11-09T15:16:09+00:00","description":"Terre di Lucania \u00e8 un viaggio che ci condurr\u00e0 alla scoperta dei luoghi pi\u00f9 suggestivi e ancora nascosti della Basilicata.","breadcrumb":{"@id":"https:\/\/lovesouthitaly.it\/prodotto\/terre-di-lucania\/#breadcrumb"},"inLanguage":"en-GB","potentialAction":[{"@type":"ReadAction","target":["https:\/\/lovesouthitaly.it\/prodotto\/terre-di-lucania\/"]}]},{"@type":"BreadcrumbList","@id":"https:\/\/lovesouthitaly.it\/prodotto\/terre-di-lucania\/#breadcrumb","itemListElement":[{"@type":"ListItem","position":1,"name":"Home","item":"https:\/\/lovesouthitaly.it\/"},{"@type":"ListItem","position":2,"name":"Tour e Esperienze","item":"https:\/\/lovesouthitaly.it\/tour-esperienze\/"},{"@type":"ListItem","position":3,"name":"Terre di Lucania"}]},{"@type":"WebSite","@id":"https:\/\/lovesouthitaly.it\/#website","url":"https:\/\/lovesouthitaly.it\/","name":"Love South Italy","description":"Viaggi, Tour e incoming nel Sud Italia","potentialAction":[{"@type":"SearchAction","target":{"@type":"EntryPoint","urlTemplate":"https:\/\/lovesouthitaly.it\/?s={search_term_string}"},"query-input":"required name=search_term_string"}],"inLanguage":"en-GB"}]}},"_links":{"self":[{"href":"https:\/\/lovesouthitaly.it\/en\/wp-json\/wp\/v2\/product\/1289","targetHints":{"allow":["GET"]}}],"collection":[{"href":"https:\/\/lovesouthitaly.it\/en\/wp-json\/wp\/v2\/product"}],"about":[{"href":"https:\/\/lovesouthitaly.it\/en\/wp-json\/wp\/v2\/types\/product"}],"wp:featuredmedia":[{"embeddable":true,"href":"https:\/\/lovesouthitaly.it\/en\/wp-json\/wp\/v2\/media\/1290"}],"wp:attachment":[{"href":"https:\/\/lovesouthitaly.it\/en\/wp-json\/wp\/v2\/media?parent=1289"}],"wp:term":[{"taxonomy":"product_cat","embeddable":true,"href":"https:\/\/lovesouthitaly.it\/en\/wp-json\/wp\/v2\/product_cat?post=1289"},{"taxonomy":"product_tag","embeddable":true,"href":"https:\/\/lovesouthitaly.it\/en\/wp-json\/wp\/v2\/product_tag?post=1289"}],"curies":[{"name":"wp","href":"https:\/\/api.w.org\/{rel}","templated":true}]}}