

    {"id":1081,"date":"2022-02-28T18:47:57","date_gmt":"2022-02-28T17:47:57","guid":{"rendered":"http:\/\/lovesouthitaly.it\/?post_type=product&#038;p=1081"},"modified":"2022-07-11T18:09:54","modified_gmt":"2022-07-11T16:09:54","slug":"le-meraviglie-del-golfo","status":"publish","type":"product","link":"https:\/\/lovesouthitaly.it\/en\/product\/le-meraviglie-del-golfo\/","title":{"rendered":"The Wonders of the Gulf"},"content":{"rendered":"<p>The Wonders of the Gulf is a tour that will take us on a journey of discovery of some of Campania's most fascinating towns overlooking the Gulf of Naples. We will visit places rich in history and charm amidst works of art, folklore, typical flavours and a rich and lush nature. We will let ourselves be guided by the local beauty and traditions in an explosion of sounds and colours that have always characterised a region rich in treasures, to be discovered stage by stage.<\/p>","protected":false},"excerpt":{"rendered":"<p>The Gulf of Naples is a microcosm to be discovered, and that is exactly what we will do with this tour. We will start from <strong>Naples<\/strong> which will welcome us with its lively atmosphere: here we will taste the typical local street food, visit the historical centre (part of which has been declared a UNESCO heritage site) and admire its most picturesque places. It will then be the turn of the Phlegrean peninsula, with <strong>Bay<\/strong> e <strong>Bacoli<\/strong> where we will cross the centuries in our imagination, passing from the Romans to the Spanish. We will set off towards <strong>Procida<\/strong> - Italian Capital of Culture 2022 - to breathe in all the essence of an authentic village that has preserved over time the typical characteristics of fishing villages and we will stop at the archaeological site of <strong>Herculaneum<\/strong>among Roman villas and dwellings that transport us to the time of Imperial Rome. You cannot miss a visit to <strong>Capri<\/strong> projecting us into the elegant atmospheres of the 1950s; finally, we will be in <strong>Ischia<\/strong>the Green Island, where we will experience the encounter between nature, history and gastronomy, and we will be able to immerse ourselves in the waters of the Bay of Sorgeto, where the thermal currents meet the sea currents in a unique and evocative scenario.<\/p>","protected":false},"featured_media":1140,"template":"","meta":{"_monsterinsights_skip_tracking":false,"_monsterinsights_sitenote_active":false,"_monsterinsights_sitenote_note":"","_monsterinsights_sitenote_category":0},"product_cat":[24,20],"product_tag":[151],"class_list":["post-1081","product","type-product","status-publish","has-post-thumbnail","hentry","product_cat-campania","product_cat-tour-pacchetti","product_tag-arte-e-storia"],"acf":[],"yoast_head":"<!-- This site is optimized with the Yoast SEO plugin v19.11 - https:\/\/yoast.com\/wordpress\/plugins\/seo\/ -->\n<title>Le meraviglie del Golfo : Love South Italy<\/title>\n<meta name=\"description\" content=\"Le meraviglie del Golfo \u00e8 un tour che ci conduce alla scoperta di alcune delle citt\u00e0 pi\u00f9 affascinanti che affacciano sul Golfo di Napoli.\" \/>\n<meta name=\"robots\" content=\"index, follow, max-snippet:-1, max-image-preview:large, max-video-preview:-1\" \/>\n<link rel=\"canonical\" href=\"https:\/\/lovesouthitaly.it\/en\/product\/le-meraviglie-del-golfo\/\" \/>\n<meta property=\"og:locale\" content=\"en_GB\" \/>\n<meta property=\"og:type\" content=\"article\" \/>\n<meta property=\"og:title\" content=\"Le meraviglie del Golfo\" \/>\n<meta property=\"og:description\" content=\"Storia, archeologia, natura e tradizioni gastronomiche ti aspettano in un tour ricco di esperienze da vivere nella cornice del Golfo di Napoli\" \/>\n<meta property=\"og:url\" content=\"https:\/\/lovesouthitaly.it\/en\/product\/le-meraviglie-del-golfo\/\" \/>\n<meta property=\"og:site_name\" content=\"Love South Italy\" \/>\n<meta property=\"article:modified_time\" content=\"2022-07-11T16:09:54+00:00\" \/>\n<meta property=\"og:image\" content=\"https:\/\/lovesouthitaly.it\/wp-content\/uploads\/2022\/02\/meraviglie-golfo-copertina.jpg\" \/>\n\t<meta property=\"og:image:width\" content=\"760\" \/>\n\t<meta property=\"og:image:height\" content=\"507\" \/>\n\t<meta property=\"og:image:type\" content=\"image\/jpeg\" \/>\n<meta name=\"twitter:card\" content=\"summary_large_image\" \/>\n<meta name=\"twitter:label1\" content=\"Estimated reading time\" \/>\n\t<meta name=\"twitter:data1\" content=\"1 minute\" \/>\n<script type=\"application\/ld+json\" class=\"yoast-schema-graph\">{\"@context\":\"https:\/\/schema.org\",\"@graph\":[{\"@type\":\"WebPage\",\"@id\":\"https:\/\/lovesouthitaly.it\/prodotto\/le-meraviglie-del-golfo\/\",\"url\":\"https:\/\/lovesouthitaly.it\/prodotto\/le-meraviglie-del-golfo\/\",\"name\":\"Le meraviglie del Golfo : Love South Italy\",\"isPartOf\":{\"@id\":\"https:\/\/lovesouthitaly.it\/#website\"},\"datePublished\":\"2022-02-28T17:47:57+00:00\",\"dateModified\":\"2022-07-11T16:09:54+00:00\",\"description\":\"Le meraviglie del Golfo \u00e8 un tour che ci conduce alla scoperta di alcune delle citt\u00e0 pi\u00f9 affascinanti che affacciano sul Golfo di Napoli.\",\"breadcrumb\":{\"@id\":\"https:\/\/lovesouthitaly.it\/prodotto\/le-meraviglie-del-golfo\/#breadcrumb\"},\"inLanguage\":\"en-GB\",\"potentialAction\":[{\"@type\":\"ReadAction\",\"target\":[\"https:\/\/lovesouthitaly.it\/prodotto\/le-meraviglie-del-golfo\/\"]}]},{\"@type\":\"BreadcrumbList\",\"@id\":\"https:\/\/lovesouthitaly.it\/prodotto\/le-meraviglie-del-golfo\/#breadcrumb\",\"itemListElement\":[{\"@type\":\"ListItem\",\"position\":1,\"name\":\"Home\",\"item\":\"https:\/\/lovesouthitaly.it\/\"},{\"@type\":\"ListItem\",\"position\":2,\"name\":\"Tour e Esperienze\",\"item\":\"https:\/\/lovesouthitaly.it\/tour-esperienze\/\"},{\"@type\":\"ListItem\",\"position\":3,\"name\":\"Le meraviglie del Golfo\"}]},{\"@type\":\"WebSite\",\"@id\":\"https:\/\/lovesouthitaly.it\/#website\",\"url\":\"https:\/\/lovesouthitaly.it\/\",\"name\":\"Love South Italy\",\"description\":\"Viaggi, Tour e incoming nel Sud Italia\",\"potentialAction\":[{\"@type\":\"SearchAction\",\"target\":{\"@type\":\"EntryPoint\",\"urlTemplate\":\"https:\/\/lovesouthitaly.it\/?s={search_term_string}\"},\"query-input\":\"required name=search_term_string\"}],\"inLanguage\":\"en-GB\"}]}<\/script>\n<!-- \/ Yoast SEO plugin. -->","yoast_head_json":{"title":"Le meraviglie del Golfo : Love South Italy","description":"Le meraviglie del Golfo \u00e8 un tour che ci conduce alla scoperta di alcune delle citt\u00e0 pi\u00f9 affascinanti che affacciano sul Golfo di Napoli.","robots":{"index":"index","follow":"follow","max-snippet":"max-snippet:-1","max-image-preview":"max-image-preview:large","max-video-preview":"max-video-preview:-1"},"canonical":"https:\/\/lovesouthitaly.it\/en\/product\/le-meraviglie-del-golfo\/","og_locale":"en_GB","og_type":"article","og_title":"Le meraviglie del Golfo","og_description":"Storia, archeologia, natura e tradizioni gastronomiche ti aspettano in un tour ricco di esperienze da vivere nella cornice del Golfo di Napoli","og_url":"https:\/\/lovesouthitaly.it\/en\/product\/le-meraviglie-del-golfo\/","og_site_name":"Love South Italy","article_modified_time":"2022-07-11T16:09:54+00:00","og_image":[{"width":760,"height":507,"url":"https:\/\/lovesouthitaly.it\/wp-content\/uploads\/2022\/02\/meraviglie-golfo-copertina.jpg","type":"image\/jpeg"}],"twitter_card":"summary_large_image","twitter_misc":{"Estimated reading time":"1 minute"},"schema":{"@context":"https:\/\/schema.org","@graph":[{"@type":"WebPage","@id":"https:\/\/lovesouthitaly.it\/prodotto\/le-meraviglie-del-golfo\/","url":"https:\/\/lovesouthitaly.it\/prodotto\/le-meraviglie-del-golfo\/","name":"Le meraviglie del Golfo : Love South Italy","isPartOf":{"@id":"https:\/\/lovesouthitaly.it\/#website"},"datePublished":"2022-02-28T17:47:57+00:00","dateModified":"2022-07-11T16:09:54+00:00","description":"Le meraviglie del Golfo \u00e8 un tour che ci conduce alla scoperta di alcune delle citt\u00e0 pi\u00f9 affascinanti che affacciano sul Golfo di Napoli.","breadcrumb":{"@id":"https:\/\/lovesouthitaly.it\/prodotto\/le-meraviglie-del-golfo\/#breadcrumb"},"inLanguage":"en-GB","potentialAction":[{"@type":"ReadAction","target":["https:\/\/lovesouthitaly.it\/prodotto\/le-meraviglie-del-golfo\/"]}]},{"@type":"BreadcrumbList","@id":"https:\/\/lovesouthitaly.it\/prodotto\/le-meraviglie-del-golfo\/#breadcrumb","itemListElement":[{"@type":"ListItem","position":1,"name":"Home","item":"https:\/\/lovesouthitaly.it\/"},{"@type":"ListItem","position":2,"name":"Tour e Esperienze","item":"https:\/\/lovesouthitaly.it\/tour-esperienze\/"},{"@type":"ListItem","position":3,"name":"Le meraviglie del Golfo"}]},{"@type":"WebSite","@id":"https:\/\/lovesouthitaly.it\/#website","url":"https:\/\/lovesouthitaly.it\/","name":"Love South Italy","description":"Viaggi, Tour e incoming nel Sud Italia","potentialAction":[{"@type":"SearchAction","target":{"@type":"EntryPoint","urlTemplate":"https:\/\/lovesouthitaly.it\/?s={search_term_string}"},"query-input":"required name=search_term_string"}],"inLanguage":"en-GB"}]}},"_links":{"self":[{"href":"https:\/\/lovesouthitaly.it\/en\/wp-json\/wp\/v2\/product\/1081","targetHints":{"allow":["GET"]}}],"collection":[{"href":"https:\/\/lovesouthitaly.it\/en\/wp-json\/wp\/v2\/product"}],"about":[{"href":"https:\/\/lovesouthitaly.it\/en\/wp-json\/wp\/v2\/types\/product"}],"wp:featuredmedia":[{"embeddable":true,"href":"https:\/\/lovesouthitaly.it\/en\/wp-json\/wp\/v2\/media\/1140"}],"wp:attachment":[{"href":"https:\/\/lovesouthitaly.it\/en\/wp-json\/wp\/v2\/media?parent=1081"}],"wp:term":[{"taxonomy":"product_cat","embeddable":true,"href":"https:\/\/lovesouthitaly.it\/en\/wp-json\/wp\/v2\/product_cat?post=1081"},{"taxonomy":"product_tag","embeddable":true,"href":"https:\/\/lovesouthitaly.it\/en\/wp-json\/wp\/v2\/product_tag?post=1081"}],"curies":[{"name":"wp","href":"https:\/\/api.w.org\/{rel}","templated":true}]}}